{"id":101,"date":"2025-08-09T16:21:53","date_gmt":"2025-08-09T16:21:53","guid":{"rendered":"https:\/\/vivreacoustaussa.com\/?page_id=101"},"modified":"2025-08-09T16:21:53","modified_gmt":"2025-08-09T16:21:53","slug":"le-probleme-de-leau-a-coustaussa","status":"publish","type":"page","link":"https:\/\/vivreacoustaussa.com\/index.php\/le-probleme-de-leau-a-coustaussa\/","title":{"rendered":"LE PROBLEME DE L&rsquo;EAU A COUSTAUSSA"},"content":{"rendered":"\n<div class=\"wp-block-columns is-layout-flex wp-container-core-columns-is-layout-28f84493 wp-block-columns-is-layout-flex\">\n<div class=\"wp-block-column is-layout-flow wp-block-column-is-layout-flow\" style=\"flex-basis:33.33%\">\n<figure class=\"wp-block-image size-full\"><img loading=\"lazy\" decoding=\"async\" width=\"647\" height=\"913\" src=\"http:\/\/vivreacoustaussa.com\/wp-content\/uploads\/2025\/08\/11.jpg\" alt=\"\" class=\"wp-image-97\" srcset=\"https:\/\/vivreacoustaussa.com\/wp-content\/uploads\/2025\/08\/11.jpg 647w, https:\/\/vivreacoustaussa.com\/wp-content\/uploads\/2025\/08\/11-213x300.jpg 213w\" sizes=\"auto, (max-width: 647px) 100vw, 647px\" \/><\/figure>\n<\/div>\n\n\n\n<div class=\"wp-block-column is-layout-flow wp-block-column-is-layout-flow\" style=\"flex-basis:66.66%\">\n<h2 class=\"wp-block-heading\">Pour une eau du robinet saine \u00e0 Coustaussa : mobilisons-nous !<\/h2>\n\n\n\n<p>\u00c0 Coustaussa, cela fait bien trop longtemps que nous vivons avec une eau du robinet de qualit\u00e9 douteuse. Turbide, souvent marron, charg\u00e9e en <strong>ammonium<\/strong> et <strong>nitrates<\/strong>, elle n\u2019est ni rassurante \u00e0 boire, ni agr\u00e9able \u00e0 utiliser au quotidien.<\/p>\n\n\n\n<p>Nous sommes nombreux \u00e0 constater les d\u00e9g\u00e2ts : appareils \u00e9lectrom\u00e9nagers ab\u00eem\u00e9s, d\u00e9p\u00f4ts dans les canalisations, eau au go\u00fbt d\u00e9sagr\u00e9able du fait d&rsquo;une forte pr\u00e9sence de chlore\u2026 Et derri\u00e8re ces d\u00e9sagr\u00e9ments visibles, se cachent aussi des inqui\u00e9tudes bien r\u00e9elles pour notre sant\u00e9 et celle de nos enfants.<\/p>\n\n\n\n<p>Il est temps de <strong>prendre ce probl\u00e8me \u00e0 bras-le-corps<\/strong>, ensemble, en tant que citoyens.<br>Nous ne pouvons plus rester dans l\u2019attente, ni consid\u00e9rer que cette situation est normale. L\u2019acc\u00e8s \u00e0 une <strong>eau potable, claire et sans danger<\/strong> est un droit fondamental.<\/p>\n\n\n\n<p>Ce site a pour but de <strong>rassembler les voix des habitants<\/strong>, de <strong>partager l&rsquo;information<\/strong> et de <strong>faire entendre nos pr\u00e9occupations<\/strong> aupr\u00e8s des autorit\u00e9s comp\u00e9tentes. Il est urgent d\u2019avoir des r\u00e9ponses claires, des analyses r\u00e9guli\u00e8res, et surtout des <strong>actions concr\u00e8tes<\/strong> pour am\u00e9liorer durablement la qualit\u00e9 de notre eau.<\/p>\n\n\n\n<p>C\u2019est ensemble que nous pourrons faire bouger les lignes et garantir \u00e0 tous une eau saine et respectueuse de notre sant\u00e9 et de notre environnement.<\/p>\n<\/div>\n<\/div>\n","protected":false},"excerpt":{"rendered":"<p>Pour une eau du robinet saine \u00e0 Coustaussa : mobilisons-nous ! \u00c0 Coustaussa, cela fait bien trop longtemps que nous vivons avec une eau du robinet de qualit\u00e9 douteuse. Turbide, souvent marron, charg\u00e9e en ammonium et nitrates, elle n\u2019est ni rassurante \u00e0 boire, ni agr\u00e9able \u00e0 utiliser au quotidien. Nous [&hellip;]<\/p>\n","protected":false},"author":1,"featured_media":0,"parent":0,"menu_order":0,"comment_status":"closed","ping_status":"closed","template":"","meta":{"footnotes":""},"class_list":["post-101","page","type-page","status-publish","hentry"],"_links":{"self":[{"href":"https:\/\/vivreacoustaussa.com\/index.php\/wp-json\/wp\/v2\/pages\/101","targetHints":{"allow":["GET"]}}],"collection":[{"href":"https:\/\/vivreacoustaussa.com\/index.php\/wp-json\/wp\/v2\/pages"}],"about":[{"href":"https:\/\/vivreacoustaussa.com\/index.php\/wp-json\/wp\/v2\/types\/page"}],"author":[{"embeddable":true,"href":"https:\/\/vivreacoustaussa.com\/index.php\/wp-json\/wp\/v2\/users\/1"}],"replies":[{"embeddable":true,"href":"https:\/\/vivreacoustaussa.com\/index.php\/wp-json\/wp\/v2\/comments?post=101"}],"version-history":[{"count":1,"href":"https:\/\/vivreacoustaussa.com\/index.php\/wp-json\/wp\/v2\/pages\/101\/revisions"}],"predecessor-version":[{"id":102,"href":"https:\/\/vivreacoustaussa.com\/index.php\/wp-json\/wp\/v2\/pages\/101\/revisions\/102"}],"wp:attachment":[{"href":"https:\/\/vivreacoustaussa.com\/index.php\/wp-json\/wp\/v2\/media?parent=101"}],"curies":[{"name":"wp","href":"https:\/\/api.w.org\/{rel}","templated":true}]}}