{"id":129,"date":"2025-08-19T12:10:48","date_gmt":"2025-08-19T12:10:48","guid":{"rendered":"https:\/\/vivreacoustaussa.com\/?page_id=129"},"modified":"2025-08-19T12:10:48","modified_gmt":"2025-08-19T12:10:48","slug":"les-differents-intervenants","status":"publish","type":"page","link":"https:\/\/vivreacoustaussa.com\/index.php\/les-differents-intervenants\/","title":{"rendered":"LES DIFFERENTS INTERVENANTS"},"content":{"rendered":"\n<div class=\"wp-block-columns is-layout-flex wp-container-core-columns-is-layout-28f84493 wp-block-columns-is-layout-flex\">\n<div class=\"wp-block-column is-layout-flow wp-block-column-is-layout-flow\" style=\"flex-basis:33.33%\">\n<figure class=\"wp-block-image size-full\"><img loading=\"lazy\" decoding=\"async\" width=\"647\" height=\"913\" src=\"http:\/\/vivreacoustaussa.com\/wp-content\/uploads\/2025\/08\/11.jpg\" alt=\"\" class=\"wp-image-97\" srcset=\"https:\/\/vivreacoustaussa.com\/wp-content\/uploads\/2025\/08\/11.jpg 647w, https:\/\/vivreacoustaussa.com\/wp-content\/uploads\/2025\/08\/11-213x300.jpg 213w\" sizes=\"auto, (max-width: 647px) 100vw, 647px\" \/><\/figure>\n<\/div>\n\n\n\n<div class=\"wp-block-column is-layout-flow wp-block-column-is-layout-flow\" style=\"flex-basis:66.66%\">\n<p>\u00c0 Coustaussa, la question de la qualit\u00e9 de l\u2019eau mobilise plusieurs intervenants, chacun ayant un r\u00f4le pr\u00e9cis dans la cha\u00eene de gestion :<\/p>\n\n\n\n<ul class=\"wp-block-list\">\n<li><strong>L\u2019ARS (Agence R\u00e9gionale de Sant\u00e9)<\/strong> est charg\u00e9e de r\u00e9aliser les analyses de l\u2019eau. Celles-ci permettent de contr\u00f4ler la conformit\u00e9 sanitaire, mais les d\u00e9lais d\u2019attente pour obtenir les r\u00e9sultats peuvent parfois \u00eatre longs.<\/li>\n\n\n\n<li><strong>R\u00e9seau 11<\/strong> a la responsabilit\u00e9 du forage jusqu\u2019\u00e0 la sortie du ch\u00e2teau d\u2019eau. C\u2019est \u00e0 ce niveau que des probl\u00e8mes de pollution sont constat\u00e9s, avec la pr\u00e9sence d\u2019ammonium, de nitrates, de fer, de pesticides, et parfois m\u00eame de pollution bact\u00e9riologique.<\/li>\n\n\n\n<li><strong>V\u00e9olia<\/strong> intervient comme ma\u00eetre d\u2019\u0153uvre, avec la mission d\u2019assurer l\u2019entretien de la partie du r\u00e9seau relevant de R\u00e9seau 11.<\/li>\n\n\n\n<li><strong>La municipalit\u00e9<\/strong> g\u00e8re quant \u00e0 elle le r\u00e9seau de distribution de l\u2019eau jusqu\u2019aux habitants. Le principal probl\u00e8me rencontr\u00e9 \u00e0 ce stade est celui de la turbidit\u00e9, due aux d\u00e9p\u00f4ts accumul\u00e9s dans les canalisations.<\/li>\n<\/ul>\n\n\n\n<p>Face \u00e0 cette multiplicit\u00e9 d\u2019acteurs et \u00e0 la complexit\u00e9 des enjeux, il appara\u00eet n\u00e9cessaire de conduire une \u00e9tude approfondie afin de pr\u00e9ciser les r\u00f4les de chacun, d\u2019identifier clairement les responsabilit\u00e9s et de mettre en lumi\u00e8re les \u00e9ventuelles d\u00e9faillances.<\/p>\n<\/div>\n<\/div>\n","protected":false},"excerpt":{"rendered":"<p>\u00c0 Coustaussa, la question de la qualit\u00e9 de l\u2019eau mobilise plusieurs intervenants, chacun ayant un r\u00f4le pr\u00e9cis dans la cha\u00eene de gestion : Face \u00e0 cette multiplicit\u00e9 d\u2019acteurs et \u00e0 la complexit\u00e9 des enjeux, il appara\u00eet n\u00e9cessaire de conduire une \u00e9tude approfondie afin de pr\u00e9ciser les r\u00f4les de chacun, d\u2019identifier [&hellip;]<\/p>\n","protected":false},"author":1,"featured_media":0,"parent":0,"menu_order":0,"comment_status":"closed","ping_status":"closed","template":"","meta":{"footnotes":""},"class_list":["post-129","page","type-page","status-publish","hentry"],"_links":{"self":[{"href":"https:\/\/vivreacoustaussa.com\/index.php\/wp-json\/wp\/v2\/pages\/129","targetHints":{"allow":["GET"]}}],"collection":[{"href":"https:\/\/vivreacoustaussa.com\/index.php\/wp-json\/wp\/v2\/pages"}],"about":[{"href":"https:\/\/vivreacoustaussa.com\/index.php\/wp-json\/wp\/v2\/types\/page"}],"author":[{"embeddable":true,"href":"https:\/\/vivreacoustaussa.com\/index.php\/wp-json\/wp\/v2\/users\/1"}],"replies":[{"embeddable":true,"href":"https:\/\/vivreacoustaussa.com\/index.php\/wp-json\/wp\/v2\/comments?post=129"}],"version-history":[{"count":1,"href":"https:\/\/vivreacoustaussa.com\/index.php\/wp-json\/wp\/v2\/pages\/129\/revisions"}],"predecessor-version":[{"id":131,"href":"https:\/\/vivreacoustaussa.com\/index.php\/wp-json\/wp\/v2\/pages\/129\/revisions\/131"}],"wp:attachment":[{"href":"https:\/\/vivreacoustaussa.com\/index.php\/wp-json\/wp\/v2\/media?parent=129"}],"curies":[{"name":"wp","href":"https:\/\/api.w.org\/{rel}","templated":true}]}}