{"id":133,"date":"2025-08-19T12:19:18","date_gmt":"2025-08-19T12:19:18","guid":{"rendered":"https:\/\/vivreacoustaussa.com\/?page_id=133"},"modified":"2025-09-10T19:06:16","modified_gmt":"2025-09-10T19:06:16","slug":"animations","status":"publish","type":"page","link":"https:\/\/vivreacoustaussa.com\/index.php\/animations\/","title":{"rendered":"ANIMATIONS"},"content":{"rendered":"\n<div class=\"wp-block-columns is-layout-flex wp-container-core-columns-is-layout-28f84493 wp-block-columns-is-layout-flex\">\n<div class=\"wp-block-column is-layout-flow wp-block-column-is-layout-flow\" style=\"flex-basis:33.33%\">\n<figure class=\"wp-block-image size-full\"><img loading=\"lazy\" decoding=\"async\" width=\"1024\" height=\"1024\" src=\"http:\/\/vivreacoustaussa.com\/wp-content\/uploads\/2025\/08\/4e5a49c2-95f1-43a6-b0a4-b4bac75d31c0.jpg\" alt=\"\" class=\"wp-image-110\" srcset=\"https:\/\/vivreacoustaussa.com\/wp-content\/uploads\/2025\/08\/4e5a49c2-95f1-43a6-b0a4-b4bac75d31c0.jpg 1024w, https:\/\/vivreacoustaussa.com\/wp-content\/uploads\/2025\/08\/4e5a49c2-95f1-43a6-b0a4-b4bac75d31c0-300x300.jpg 300w, https:\/\/vivreacoustaussa.com\/wp-content\/uploads\/2025\/08\/4e5a49c2-95f1-43a6-b0a4-b4bac75d31c0-150x150.jpg 150w, https:\/\/vivreacoustaussa.com\/wp-content\/uploads\/2025\/08\/4e5a49c2-95f1-43a6-b0a4-b4bac75d31c0-768x768.jpg 768w\" sizes=\"auto, (max-width: 1024px) 100vw, 1024px\" \/><\/figure>\n<\/div>\n\n\n\n<div class=\"wp-block-column is-layout-flow wp-block-column-is-layout-flow\" style=\"flex-basis:66.66%\">\n<h2 class=\"wp-block-heading\">Vivre Ensemble \u00e0 Coustaussa<\/h2>\n\n\n\n<h3 class=\"wp-block-heading\">Des animations r\u00e9guli\u00e8res pour renforcer l\u2019unit\u00e9 et le partage<\/h3>\n\n\n\n<p>\u00c0 Coustaussa, l&rsquo;association Vivre \u00e0 Coustaussa souhaite mettre en place <strong>des animations r\u00e9guli\u00e8res<\/strong> destin\u00e9es \u00e0 l\u2019ensemble des habitants. L\u2019objectif est de favoriser le <strong>vivre-ensemble<\/strong>, en cr\u00e9ant des espaces conviviaux o\u00f9 chacun peut se retrouver, \u00e9changer et partager.<\/p>\n\n\n\n<p>Ces rendez-vous ont pour vocation :<\/p>\n\n\n\n<ul class=\"wp-block-list\">\n<li>d\u2019<strong>\u00e9viter la formation de petits groupes ferm\u00e9s<\/strong>, parfois source de malentendus ou de tensions,<\/li>\n\n\n\n<li>de <strong>favoriser le dialogue<\/strong> et l\u2019ouverture,<\/li>\n\n\n\n<li>de <strong>multiplier les regards et les exp\u00e9riences partag\u00e9es<\/strong>, afin que chacun trouve sa place et contribue \u00e0 la richesse collective du village.<\/li>\n<\/ul>\n\n\n\n<p>Les animations propos\u00e9es seront vari\u00e9es \u2013 ateliers, rencontres culturelles, moments festifs ou encore initiatives citoyennes \u2013 et chercheront toujours \u00e0 rassembler l\u2019ensemble de la population autour de valeurs communes : <strong>respect, ouverture, solidarit\u00e9 et cr\u00e9ativit\u00e9<\/strong>.<\/p>\n\n\n\n<p>Ces temps conviviaux seront aussi l\u2019occasion de <strong>mieux se conna\u00eetre<\/strong>, de tisser des liens nouveaux et d\u2019encourager la diversit\u00e9 des points de vue, qui fait la force et la vitalit\u00e9 de notre communaut\u00e9 villageoise.<\/p>\n<\/div>\n<\/div>\n\n\n\n<figure class=\"wp-block-video\"><video height=\"560\" style=\"aspect-ratio: 560 \/ 560;\" width=\"560\" controls src=\"http:\/\/vivreacoustaussa.com\/wp-content\/uploads\/2025\/09\/grok_video_2025-08-20-00-26-38-1.mp4\"><\/video><\/figure>\n","protected":false},"excerpt":{"rendered":"<p>Vivre Ensemble \u00e0 Coustaussa Des animations r\u00e9guli\u00e8res pour renforcer l\u2019unit\u00e9 et le partage \u00c0 Coustaussa, l&rsquo;association Vivre \u00e0 Coustaussa souhaite mettre en place des animations r\u00e9guli\u00e8res destin\u00e9es \u00e0 l\u2019ensemble des habitants. L\u2019objectif est de favoriser le vivre-ensemble, en cr\u00e9ant des espaces conviviaux o\u00f9 chacun peut se retrouver, \u00e9changer et partager. [&hellip;]<\/p>\n","protected":false},"author":1,"featured_media":0,"parent":0,"menu_order":0,"comment_status":"closed","ping_status":"closed","template":"","meta":{"footnotes":""},"class_list":["post-133","page","type-page","status-publish","hentry"],"_links":{"self":[{"href":"https:\/\/vivreacoustaussa.com\/index.php\/wp-json\/wp\/v2\/pages\/133","targetHints":{"allow":["GET"]}}],"collection":[{"href":"https:\/\/vivreacoustaussa.com\/index.php\/wp-json\/wp\/v2\/pages"}],"about":[{"href":"https:\/\/vivreacoustaussa.com\/index.php\/wp-json\/wp\/v2\/types\/page"}],"author":[{"embeddable":true,"href":"https:\/\/vivreacoustaussa.com\/index.php\/wp-json\/wp\/v2\/users\/1"}],"replies":[{"embeddable":true,"href":"https:\/\/vivreacoustaussa.com\/index.php\/wp-json\/wp\/v2\/comments?post=133"}],"version-history":[{"count":5,"href":"https:\/\/vivreacoustaussa.com\/index.php\/wp-json\/wp\/v2\/pages\/133\/revisions"}],"predecessor-version":[{"id":228,"href":"https:\/\/vivreacoustaussa.com\/index.php\/wp-json\/wp\/v2\/pages\/133\/revisions\/228"}],"wp:attachment":[{"href":"https:\/\/vivreacoustaussa.com\/index.php\/wp-json\/wp\/v2\/media?parent=133"}],"curies":[{"name":"wp","href":"https:\/\/api.w.org\/{rel}","templated":true}]}}