{"id":159,"date":"2025-08-20T15:21:10","date_gmt":"2025-08-20T15:21:10","guid":{"rendered":"https:\/\/vivreacoustaussa.com\/?page_id=159"},"modified":"2025-10-20T19:59:56","modified_gmt":"2025-10-20T19:59:56","slug":"petites-annonces","status":"publish","type":"page","link":"https:\/\/vivreacoustaussa.com\/index.php\/petites-annonces\/","title":{"rendered":"SERVICE LOCAL"},"content":{"rendered":"\n<hr class=\"wp-block-separator has-alpha-channel-opacity\"\/>\n\n\n\n<div class=\"wp-block-columns is-layout-flex wp-container-core-columns-is-layout-28f84493 wp-block-columns-is-layout-flex\">\n<div class=\"wp-block-column is-layout-flow wp-block-column-is-layout-flow\" style=\"flex-basis:33.33%\">\n<figure class=\"wp-block-image size-full\"><img loading=\"lazy\" decoding=\"async\" width=\"1024\" height=\"1024\" src=\"https:\/\/vivreacoustaussa.com\/wp-content\/uploads\/2025\/10\/508af493-d22a-4f5e-af45-f0e58698e0a5.jpg\" alt=\"\" class=\"wp-image-277\" srcset=\"https:\/\/vivreacoustaussa.com\/wp-content\/uploads\/2025\/10\/508af493-d22a-4f5e-af45-f0e58698e0a5.jpg 1024w, https:\/\/vivreacoustaussa.com\/wp-content\/uploads\/2025\/10\/508af493-d22a-4f5e-af45-f0e58698e0a5-300x300.jpg 300w, https:\/\/vivreacoustaussa.com\/wp-content\/uploads\/2025\/10\/508af493-d22a-4f5e-af45-f0e58698e0a5-150x150.jpg 150w, https:\/\/vivreacoustaussa.com\/wp-content\/uploads\/2025\/10\/508af493-d22a-4f5e-af45-f0e58698e0a5-768x768.jpg 768w\" sizes=\"auto, (max-width: 1024px) 100vw, 1024px\" \/><\/figure>\n<\/div>\n\n\n\n<div class=\"wp-block-column is-layout-flow wp-block-column-is-layout-flow\" style=\"flex-basis:66.66%\">\n<h3 class=\"wp-block-heading\"><strong>Les ressources du village \u2013 Partageons nos savoir-faire et nos services<\/strong><\/h3>\n\n\n\n<p>Parce que la richesse d\u2019un village se mesure aussi \u00e0 la vitalit\u00e9 de ses habitants, cette page a pour vocation de <strong>rassembler et valoriser toutes les ressources locales<\/strong> : petits services, productions artisanales, id\u00e9es cadeaux, entraide et initiatives de proximit\u00e9.<\/p>\n\n\n\n<p>Cette page est avant tout un <strong>espace de lien et de partage<\/strong>, pour <strong>encourager la rencontre, la solidarit\u00e9 et la consommation locale<\/strong>.<br>Chaque initiative, m\u00eame modeste, contribue \u00e0 <strong>faire vivre l\u2019esprit du village<\/strong> et \u00e0 <strong>renforcer les \u00e9changes de proximit\u00e9<\/strong>.<\/p>\n\n\n\n<p>\ud83c\udf3f <strong>Vous souhaitez proposer quelque chose ?<\/strong><br>N\u2019h\u00e9sitez pas \u00e0 contacter l\u2019association pour faire conna\u00eetre votre activit\u00e9, vos produits ou vos services. Ensemble, redonnons souffle et chaleur \u00e0 la vie locale !<\/p>\n<\/div>\n<\/div>\n","protected":false},"excerpt":{"rendered":"<p>Les ressources du village \u2013 Partageons nos savoir-faire et nos services Parce que la richesse d\u2019un village se mesure aussi \u00e0 la vitalit\u00e9 de ses habitants, cette page a pour vocation de rassembler et valoriser toutes les ressources locales : petits services, productions artisanales, id\u00e9es cadeaux, entraide et initiatives de [&hellip;]<\/p>\n","protected":false},"author":1,"featured_media":0,"parent":0,"menu_order":0,"comment_status":"closed","ping_status":"closed","template":"","meta":{"footnotes":""},"class_list":["post-159","page","type-page","status-publish","hentry"],"_links":{"self":[{"href":"https:\/\/vivreacoustaussa.com\/index.php\/wp-json\/wp\/v2\/pages\/159","targetHints":{"allow":["GET"]}}],"collection":[{"href":"https:\/\/vivreacoustaussa.com\/index.php\/wp-json\/wp\/v2\/pages"}],"about":[{"href":"https:\/\/vivreacoustaussa.com\/index.php\/wp-json\/wp\/v2\/types\/page"}],"author":[{"embeddable":true,"href":"https:\/\/vivreacoustaussa.com\/index.php\/wp-json\/wp\/v2\/users\/1"}],"replies":[{"embeddable":true,"href":"https:\/\/vivreacoustaussa.com\/index.php\/wp-json\/wp\/v2\/comments?post=159"}],"version-history":[{"count":2,"href":"https:\/\/vivreacoustaussa.com\/index.php\/wp-json\/wp\/v2\/pages\/159\/revisions"}],"predecessor-version":[{"id":278,"href":"https:\/\/vivreacoustaussa.com\/index.php\/wp-json\/wp\/v2\/pages\/159\/revisions\/278"}],"wp:attachment":[{"href":"https:\/\/vivreacoustaussa.com\/index.php\/wp-json\/wp\/v2\/media?parent=159"}],"curies":[{"name":"wp","href":"https:\/\/api.w.org\/{rel}","templated":true}]}}