{"id":164,"date":"2025-08-22T08:31:12","date_gmt":"2025-08-22T08:31:12","guid":{"rendered":"https:\/\/vivreacoustaussa.com\/?page_id=164"},"modified":"2025-08-22T08:45:47","modified_gmt":"2025-08-22T08:45:47","slug":"vivre-a-coustaussa-lassociation","status":"publish","type":"page","link":"https:\/\/vivreacoustaussa.com\/","title":{"rendered":"VIVRE A COUSTAUSSA, L&rsquo;ASSOCIATION."},"content":{"rendered":"\n<div class=\"wp-block-columns is-layout-flex wp-container-core-columns-is-layout-28f84493 wp-block-columns-is-layout-flex\">\n<div class=\"wp-block-column is-layout-flow wp-block-column-is-layout-flow\" style=\"flex-basis:33.33%\">\n<figure class=\"wp-block-image size-full\"><img loading=\"lazy\" decoding=\"async\" width=\"1024\" height=\"1024\" src=\"https:\/\/vivreacoustaussa.com\/wp-content\/uploads\/2025\/08\/freepik__the-style-is-modern-and-it-is-a-detailed-illustrat__60066.png\" alt=\"\" class=\"wp-image-165\" srcset=\"https:\/\/vivreacoustaussa.com\/wp-content\/uploads\/2025\/08\/freepik__the-style-is-modern-and-it-is-a-detailed-illustrat__60066.png 1024w, https:\/\/vivreacoustaussa.com\/wp-content\/uploads\/2025\/08\/freepik__the-style-is-modern-and-it-is-a-detailed-illustrat__60066-300x300.png 300w, https:\/\/vivreacoustaussa.com\/wp-content\/uploads\/2025\/08\/freepik__the-style-is-modern-and-it-is-a-detailed-illustrat__60066-150x150.png 150w, https:\/\/vivreacoustaussa.com\/wp-content\/uploads\/2025\/08\/freepik__the-style-is-modern-and-it-is-a-detailed-illustrat__60066-768x768.png 768w\" sizes=\"auto, (max-width: 1024px) 100vw, 1024px\" \/><\/figure>\n<\/div>\n\n\n\n<div class=\"wp-block-column is-layout-flow wp-block-column-is-layout-flow\" style=\"flex-basis:66.66%\">\n<h1 class=\"wp-block-heading has-text-align-center\">Vivre \u00e0 Coustaussa<\/h1>\n\n\n\n<p class=\"has-text-align-center\"><strong>Ensemble, pour mieux vivre notre village<\/strong><\/p>\n\n\n\n<p class=\"has-text-align-center\">L\u2019association <em>Vivre \u00e0 Coustaussa<\/em>, n\u00e9e le 25 janvier 2025, est anim\u00e9e par une id\u00e9e simple : renforcer le lien entre habitants afin de construire un quotidien plus agr\u00e9able, solidaire et vivant.<\/p>\n\n\n\n<p class=\"has-text-align-center\">Ses actions s\u2019inscrivent dans plusieurs axes :<\/p>\n\n\n\n<ul class=\"wp-block-list\">\n<li><strong>Organiser des manifestations culturelles<\/strong> qui cr\u00e9ent des rencontres et des moments de partage.<\/li>\n\n\n\n<li><strong>Proposer des animations et ateliers<\/strong> pour tous, afin de nourrir la cr\u00e9ativit\u00e9 et l\u2019entraide.<\/li>\n\n\n\n<li><strong>\u00catre force de proposition aupr\u00e8s du conseil municipal<\/strong>, en relayant les besoins exprim\u00e9s par les habitants.<\/li>\n\n\n\n<li><strong>Prendre soin des jardins communaux et espaces arbor\u00e9s<\/strong>, parce que notre environnement est le c\u0153ur de notre cadre de vie.<\/li>\n\n\n\n<li><strong>Informer et communiquer<\/strong>, gr\u00e2ce \u00e0 l\u2019\u00e9dition de bulletins et d\u2019outils de communication accessibles \u00e0 toutes et tous.<\/li>\n<\/ul>\n\n\n\n<p><\/p>\n\n\n\n<p class=\"has-text-align-center\">Cette ann\u00e9e, le bureau est compos\u00e9 de :<\/p>\n\n\n\n<ul class=\"wp-block-list\">\n<li><strong>Mireille<\/strong>, Pr\u00e9sidente<\/li>\n\n\n\n<li><strong>Pierr\u00f4<\/strong>, Tr\u00e9sorie<\/li>\n\n\n\n<li><strong>Sandro<\/strong>, Secr\u00e9taire<\/li>\n<\/ul>\n\n\n\n<p><\/p>\n\n\n\n<p class=\"has-text-align-center\">Notre ambition est simple : faire de Coustaussa un village o\u00f9 il fait bon vivre, en conjuguant tradition, dynamisme et convivialit\u00e9.<\/p>\n\n\n\n<p><\/p>\n\n\n\n<p class=\"has-text-align-center\">\ud83c\udf3f <strong><em>Rejoindre l\u2019association, c\u2019est contribuer \u00e0 \u00e9crire ensemble l\u2019histoire vivante de notre village.<\/em> <\/strong>\ud83c\udf3f<\/p>\n\n\n\n<p><\/p>\n\n\n\n<p class=\"has-text-align-center\"><\/p>\n\n\n<style>.wp-block-kadence-advancedbtn.kb-btns164_cfc24b-e4{gap:var(--global-kb-gap-xs, 0.5rem );justify-content:center;align-items:center;}.kt-btns164_cfc24b-e4 .kt-button{font-weight:normal;font-style:normal;}.kt-btns164_cfc24b-e4 .kt-btn-wrap-0{margin-right:5px;}.wp-block-kadence-advancedbtn.kt-btns164_cfc24b-e4 .kt-btn-wrap-0 .kt-button{color:#555555;border-color:#555555;}.wp-block-kadence-advancedbtn.kt-btns164_cfc24b-e4 .kt-btn-wrap-0 .kt-button:hover, .wp-block-kadence-advancedbtn.kt-btns164_cfc24b-e4 .kt-btn-wrap-0 .kt-button:focus{color:#ffffff;border-color:#444444;}.wp-block-kadence-advancedbtn.kt-btns164_cfc24b-e4 .kt-btn-wrap-0 .kt-button::before{display:none;}.wp-block-kadence-advancedbtn.kt-btns164_cfc24b-e4 .kt-btn-wrap-0 .kt-button:hover, .wp-block-kadence-advancedbtn.kt-btns164_cfc24b-e4 .kt-btn-wrap-0 .kt-button:focus{background:#444444;}<\/style>\n<div class=\"wp-block-kadence-advancedbtn kb-buttons-wrap kb-btns164_cfc24b-e4\"><style>ul.menu .wp-block-kadence-advancedbtn .kb-btn164_76c5b3-aa.kb-button{width:initial;}<\/style><a class=\"kb-button kt-button button kb-btn164_76c5b3-aa kt-btn-size-standard kt-btn-width-type-auto kb-btn-global-fill kt-btn-has-text-true kt-btn-has-svg-false wp-block-kadence-singlebtn\" href=\"http:\/\/vivreacoustaussa.com\/wp-content\/uploads\/2025\/08\/1-STATUTS.pdf\"><span class=\"kt-btn-inner-text\">T\u00e9l\u00e9chargement Statuts Association<\/span><\/a><\/div>\n<\/div>\n<\/div>\n\n\n\n<hr class=\"wp-block-separator has-alpha-channel-opacity\"\/>\n\n\n\n<p><\/p>\n","protected":false},"excerpt":{"rendered":"<p>Vivre \u00e0 Coustaussa Ensemble, pour mieux vivre notre village L\u2019association Vivre \u00e0 Coustaussa, n\u00e9e le 25 janvier 2025, est anim\u00e9e par une id\u00e9e simple : renforcer le lien entre habitants afin de construire un quotidien plus agr\u00e9able, solidaire et vivant. Ses actions s\u2019inscrivent dans plusieurs axes : Cette ann\u00e9e, le [&hellip;]<\/p>\n","protected":false},"author":1,"featured_media":0,"parent":0,"menu_order":0,"comment_status":"closed","ping_status":"closed","template":"","meta":{"footnotes":""},"class_list":["post-164","page","type-page","status-publish","hentry"],"_links":{"self":[{"href":"https:\/\/vivreacoustaussa.com\/index.php\/wp-json\/wp\/v2\/pages\/164","targetHints":{"allow":["GET"]}}],"collection":[{"href":"https:\/\/vivreacoustaussa.com\/index.php\/wp-json\/wp\/v2\/pages"}],"about":[{"href":"https:\/\/vivreacoustaussa.com\/index.php\/wp-json\/wp\/v2\/types\/page"}],"author":[{"embeddable":true,"href":"https:\/\/vivreacoustaussa.com\/index.php\/wp-json\/wp\/v2\/users\/1"}],"replies":[{"embeddable":true,"href":"https:\/\/vivreacoustaussa.com\/index.php\/wp-json\/wp\/v2\/comments?post=164"}],"version-history":[{"count":5,"href":"https:\/\/vivreacoustaussa.com\/index.php\/wp-json\/wp\/v2\/pages\/164\/revisions"}],"predecessor-version":[{"id":176,"href":"https:\/\/vivreacoustaussa.com\/index.php\/wp-json\/wp\/v2\/pages\/164\/revisions\/176"}],"wp:attachment":[{"href":"https:\/\/vivreacoustaussa.com\/index.php\/wp-json\/wp\/v2\/media?parent=164"}],"curies":[{"name":"wp","href":"https:\/\/api.w.org\/{rel}","templated":true}]}}