{"id":208,"date":"2025-09-09T20:16:01","date_gmt":"2025-09-09T20:16:01","guid":{"rendered":"https:\/\/vivreacoustaussa.com\/?page_id=208"},"modified":"2025-09-15T16:10:42","modified_gmt":"2025-09-15T16:10:42","slug":"election-municipale","status":"publish","type":"page","link":"https:\/\/vivreacoustaussa.com\/index.php\/election-municipale\/","title":{"rendered":"\u00c9LECTION MUNICIPALE"},"content":{"rendered":"\n<div class=\"wp-block-columns is-layout-flex wp-container-core-columns-is-layout-28f84493 wp-block-columns-is-layout-flex\">\n<div class=\"wp-block-column is-layout-flow wp-block-column-is-layout-flow\" style=\"flex-basis:33.33%\">\n<figure class=\"wp-block-image size-full\"><img loading=\"lazy\" decoding=\"async\" width=\"1024\" height=\"1024\" src=\"https:\/\/vivreacoustaussa.com\/wp-content\/uploads\/2025\/09\/a3261f95-1dc4-4177-ac6b-8837d9b3e852-1.jpg\" alt=\"\" class=\"wp-image-209\" srcset=\"https:\/\/vivreacoustaussa.com\/wp-content\/uploads\/2025\/09\/a3261f95-1dc4-4177-ac6b-8837d9b3e852-1.jpg 1024w, https:\/\/vivreacoustaussa.com\/wp-content\/uploads\/2025\/09\/a3261f95-1dc4-4177-ac6b-8837d9b3e852-1-300x300.jpg 300w, https:\/\/vivreacoustaussa.com\/wp-content\/uploads\/2025\/09\/a3261f95-1dc4-4177-ac6b-8837d9b3e852-1-150x150.jpg 150w, https:\/\/vivreacoustaussa.com\/wp-content\/uploads\/2025\/09\/a3261f95-1dc4-4177-ac6b-8837d9b3e852-1-768x768.jpg 768w\" sizes=\"auto, (max-width: 1024px) 100vw, 1024px\" \/><\/figure>\n<\/div>\n\n\n\n<div class=\"wp-block-column is-layout-flow wp-block-column-is-layout-flow\" style=\"flex-basis:66.66%\">\n<p>\u00c0 l\u2019approche des \u00e9lections municipales qui se tiendront les <strong>15 et 22 mars 2026<\/strong>, le site <em>Vivre \u00e0 Custosa<\/em> propose cette page d\u00e9di\u00e9e pour mieux comprendre cet \u00e9v\u00e9nement citoyen essentiel. <\/p>\n\n\n\n<p><\/p>\n\n\n\n<p>Vous y trouverez une pr\u00e9sentation des <strong>enjeux locaux et du contexte de notre village<\/strong>, les <strong>qualit\u00e9s n\u00e9cessaires pour exercer la fonction de maire<\/strong>, ainsi que des explications claires sur le <strong>type de scrutin<\/strong> et les r\u00e8gles qui encadrent l\u2019\u00e9lection municipale.<\/p>\n\n\n\n<p>Un espace d\u2019information pour que chaque habitant puisse participer en connaissance de cause \u00e0 cette \u00e9v\u00e9nement d\u00e9mocratique.<\/p>\n<\/div>\n<\/div>\n\n\n\n<h2 class=\"wp-block-heading\">1 La d\u00e9mocratie repr\u00e9sentative <\/h2>\n\n\n\n<p>Dans notre village, comme partout en France, les \u00e9lections municipales servent \u00e0 choisir des personnes qui vont <strong>nous repr\u00e9senter<\/strong>.<br>On appelle cela la <strong>d\u00e9mocratie repr\u00e9sentative<\/strong> : au lieu que chacun d\u00e9cide de tout, on \u00e9lit une \u00e9quipe (le maire et ses conseillers) pour prendre les d\u00e9cisions pour le bien du village.<\/p>\n\n\n\n<h3 class=\"wp-block-heading\">Pourquoi c\u2019est utile ?<\/h3>\n\n\n\n<ul class=\"wp-block-list\">\n<li>Cela \u00e9vite que chaque habitant doive voter pour chaque petit choix du quotidien (r\u00e9parer une route,  g\u00e9rer le budget).<\/li>\n\n\n\n<li>On sait <strong>qui est responsable<\/strong> des d\u00e9cisions.<\/li>\n\n\n\n<li>\u00c0 Coustaussa, c\u2019est encore plus simple : les \u00e9lus sont nos voisins, on peut facilement leur parler dans la rue.<\/li>\n<\/ul>\n\n\n\n<h3 class=\"wp-block-heading\">Les limites<\/h3>\n\n\n\n<ul class=\"wp-block-list\">\n<li>Tout le monde n\u2019a pas toujours l\u2019impression que ses id\u00e9es sont entendues.<\/li>\n\n\n\n<li>Certains peuvent se sentir un peu \u00e9loign\u00e9s des d\u00e9cisions.<\/li>\n\n\n\n<li>Si on laisse tout aux \u00e9lus, on peut finir par se d\u00e9sint\u00e9resser de la vie du village.<\/li>\n<\/ul>\n\n\n\n<h3 class=\"wp-block-heading\">Et alors ?<\/h3>\n\n\n\n<p>La d\u00e9mocratie repr\u00e9sentative marche bien si chacun <strong>reste acteur de la vie du village<\/strong>. Cela veut dire :<\/p>\n\n\n\n<ul class=\"wp-block-list\">\n<li>voter,<\/li>\n\n\n\n<li>proposer des id\u00e9es,<\/li>\n\n\n\n<li>participer aux conseils, commissions et r\u00e9unions.<\/li>\n<\/ul>\n\n\n\n<p>Ainsi, le conseil municipal n\u2019est pas seulement une \u00e9quipe qui d\u00e9cide \u00ab pour \u00bb les habitants, mais une \u00e9quipe qui agit <strong>avec eux<\/strong>.<\/p>\n\n\n\n<div class=\"wp-block-columns is-layout-flex wp-container-core-columns-is-layout-28f84493 wp-block-columns-is-layout-flex\">\n<div class=\"wp-block-column is-layout-flow wp-block-column-is-layout-flow\" style=\"flex-basis:66.66%\">\n<p><strong>UN NOUVEAU MODE DE SCRUTIN<\/strong><\/p>\n\n\n\n<p>\u00c0 partir de mars 2026, toutes les communes, y compris celles de moins de 1 000 habitants, \u00e9liront leurs conseillers municipaux au <strong>scrutin de liste paritaire<\/strong> (alternance femme\/homme, sans panachage).<\/p>\n\n\n\n<p>Objectifs :<\/p>\n\n\n\n<ul class=\"wp-block-list\">\n<li>Harmoniser les r\u00e8gles \u00e9lectorales,<\/li>\n\n\n\n<li>Favoriser la parit\u00e9 (seulement 37,6 % de femmes \u00e9lues aujourd\u2019hui dans les petites communes),<\/li>\n\n\n\n<li>Renforcer la coh\u00e9sion et l\u2019engagement local.<\/li>\n<\/ul>\n\n\n\n<p>7 si\u00e8ges \u00e0 pourvoir au conseil municipal.<br>\ud83d\udc49 Chaque liste devra respecter la parit\u00e9 (femme\/homme).<br>\ud83d\udc49 Nombre de candidats par liste : <strong>entre 5 et 9<\/strong>.<\/p>\n<\/div>\n\n\n\n<div class=\"wp-block-column is-layout-flow wp-block-column-is-layout-flow\" style=\"flex-basis:33.33%\">\n<figure class=\"wp-block-image size-full\"><img loading=\"lazy\" decoding=\"async\" width=\"600\" height=\"600\" src=\"https:\/\/vivreacoustaussa.com\/wp-content\/uploads\/2025\/09\/voting-ballot-box-icon-election-600nw-2450408717.webp\" alt=\"\" class=\"wp-image-240\" srcset=\"https:\/\/vivreacoustaussa.com\/wp-content\/uploads\/2025\/09\/voting-ballot-box-icon-election-600nw-2450408717.webp 600w, https:\/\/vivreacoustaussa.com\/wp-content\/uploads\/2025\/09\/voting-ballot-box-icon-election-600nw-2450408717-300x300.webp 300w, https:\/\/vivreacoustaussa.com\/wp-content\/uploads\/2025\/09\/voting-ballot-box-icon-election-600nw-2450408717-150x150.webp 150w\" sizes=\"auto, (max-width: 600px) 100vw, 600px\" \/><\/figure>\n<\/div>\n<\/div>\n","protected":false},"excerpt":{"rendered":"<p>\u00c0 l\u2019approche des \u00e9lections municipales qui se tiendront les 15 et 22 mars 2026, le site Vivre \u00e0 Custosa propose cette page d\u00e9di\u00e9e pour mieux comprendre cet \u00e9v\u00e9nement citoyen essentiel. Vous y trouverez une pr\u00e9sentation des enjeux locaux et du contexte de notre village, les qualit\u00e9s n\u00e9cessaires pour exercer la [&hellip;]<\/p>\n","protected":false},"author":1,"featured_media":0,"parent":0,"menu_order":0,"comment_status":"closed","ping_status":"closed","template":"","meta":{"footnotes":""},"class_list":["post-208","page","type-page","status-publish","hentry"],"_links":{"self":[{"href":"https:\/\/vivreacoustaussa.com\/index.php\/wp-json\/wp\/v2\/pages\/208","targetHints":{"allow":["GET"]}}],"collection":[{"href":"https:\/\/vivreacoustaussa.com\/index.php\/wp-json\/wp\/v2\/pages"}],"about":[{"href":"https:\/\/vivreacoustaussa.com\/index.php\/wp-json\/wp\/v2\/types\/page"}],"author":[{"embeddable":true,"href":"https:\/\/vivreacoustaussa.com\/index.php\/wp-json\/wp\/v2\/users\/1"}],"replies":[{"embeddable":true,"href":"https:\/\/vivreacoustaussa.com\/index.php\/wp-json\/wp\/v2\/comments?post=208"}],"version-history":[{"count":2,"href":"https:\/\/vivreacoustaussa.com\/index.php\/wp-json\/wp\/v2\/pages\/208\/revisions"}],"predecessor-version":[{"id":241,"href":"https:\/\/vivreacoustaussa.com\/index.php\/wp-json\/wp\/v2\/pages\/208\/revisions\/241"}],"wp:attachment":[{"href":"https:\/\/vivreacoustaussa.com\/index.php\/wp-json\/wp\/v2\/media?parent=208"}],"curies":[{"name":"wp","href":"https:\/\/api.w.org\/{rel}","templated":true}]}}