{"id":232,"date":"2025-09-11T17:00:04","date_gmt":"2025-09-11T17:00:04","guid":{"rendered":"https:\/\/vivreacoustaussa.com\/?page_id=232"},"modified":"2025-09-11T17:04:02","modified_gmt":"2025-09-11T17:04:02","slug":"conseils-municipaux","status":"publish","type":"page","link":"https:\/\/vivreacoustaussa.com\/index.php\/conseils-municipaux\/","title":{"rendered":"CONSEILS MUNICIPAUX"},"content":{"rendered":"\n<div class=\"wp-block-columns is-layout-flex wp-container-core-columns-is-layout-28f84493 wp-block-columns-is-layout-flex\">\n<div class=\"wp-block-column is-layout-flow wp-block-column-is-layout-flow\" style=\"flex-basis:33.33%\">\n<figure class=\"wp-block-image size-full\"><img loading=\"lazy\" decoding=\"async\" width=\"1024\" height=\"1024\" src=\"http:\/\/vivreacoustaussa.com\/wp-content\/uploads\/2025\/09\/a3261f95-1dc4-4177-ac6b-8837d9b3e852-2.jpg\" alt=\"\" class=\"wp-image-213\" srcset=\"https:\/\/vivreacoustaussa.com\/wp-content\/uploads\/2025\/09\/a3261f95-1dc4-4177-ac6b-8837d9b3e852-2.jpg 1024w, https:\/\/vivreacoustaussa.com\/wp-content\/uploads\/2025\/09\/a3261f95-1dc4-4177-ac6b-8837d9b3e852-2-300x300.jpg 300w, https:\/\/vivreacoustaussa.com\/wp-content\/uploads\/2025\/09\/a3261f95-1dc4-4177-ac6b-8837d9b3e852-2-150x150.jpg 150w, https:\/\/vivreacoustaussa.com\/wp-content\/uploads\/2025\/09\/a3261f95-1dc4-4177-ac6b-8837d9b3e852-2-768x768.jpg 768w\" sizes=\"auto, (max-width: 1024px) 100vw, 1024px\" \/><\/figure>\n<\/div>\n\n\n\n<div class=\"wp-block-column is-layout-flow wp-block-column-is-layout-flow\" style=\"flex-basis:66.66%\">\n<p>Le <strong>conseil municipal<\/strong> est le c\u0153ur de la vie d\u00e9mocratique d\u2019un village comme Coustaussa. C\u2019est lors de ces r\u00e9unions que sont prises les d\u00e9cisions qui concernent directement le quotidien de chacun : gestion des services, projets pour le village, entretien du patrimoine, animations, ou encore questions li\u00e9es \u00e0 l\u2019environnement et \u00e0 la qualit\u00e9 de vie.<\/p>\n\n\n\n<p>\u00catre pr\u00e9sent aux conseils municipaux, ou en suivre les comptes rendus, permet de mieux comprendre comment fonctionne la commune, de s\u2019informer sur les choix qui orientent l\u2019avenir du village, et parfois d\u2019y apporter sa voix ou ses id\u00e9es.<\/p>\n\n\n\n<p>Sur cette page, vous trouverez :<\/p>\n\n\n\n<ul class=\"wp-block-list\">\n<li>les <strong>prochaines dates des conseils municipaux<\/strong>,<\/li>\n\n\n\n<li>ainsi que les <strong>comptes rendus<\/strong>, disponibles en t\u00e9l\u00e9chargement.<\/li>\n<\/ul>\n\n\n\n<p>Un espace simple et accessible pour que chacun puisse rester inform\u00e9 et participer, \u00e0 sa mani\u00e8re, \u00e0 la vie citoyenne de Coustaussa.<\/p>\n<\/div>\n<\/div>\n\n\n\n<p><\/p>\n\n\n\n<p class=\"has-text-align-center\"> <strong>Le prochain conseil municipal aura lieu le mardi 16 septembre apr\u00e8s-midi. Heure \u00e0 pr\u00e9ciser.<\/strong><\/p>\n\n\n\n<p><\/p>\n","protected":false},"excerpt":{"rendered":"<p>Le conseil municipal est le c\u0153ur de la vie d\u00e9mocratique d\u2019un village comme Coustaussa. C\u2019est lors de ces r\u00e9unions que sont prises les d\u00e9cisions qui concernent directement le quotidien de chacun : gestion des services, projets pour le village, entretien du patrimoine, animations, ou encore questions li\u00e9es \u00e0 l\u2019environnement et [&hellip;]<\/p>\n","protected":false},"author":1,"featured_media":0,"parent":0,"menu_order":0,"comment_status":"closed","ping_status":"closed","template":"","meta":{"footnotes":""},"class_list":["post-232","page","type-page","status-publish","hentry"],"_links":{"self":[{"href":"https:\/\/vivreacoustaussa.com\/index.php\/wp-json\/wp\/v2\/pages\/232","targetHints":{"allow":["GET"]}}],"collection":[{"href":"https:\/\/vivreacoustaussa.com\/index.php\/wp-json\/wp\/v2\/pages"}],"about":[{"href":"https:\/\/vivreacoustaussa.com\/index.php\/wp-json\/wp\/v2\/types\/page"}],"author":[{"embeddable":true,"href":"https:\/\/vivreacoustaussa.com\/index.php\/wp-json\/wp\/v2\/users\/1"}],"replies":[{"embeddable":true,"href":"https:\/\/vivreacoustaussa.com\/index.php\/wp-json\/wp\/v2\/comments?post=232"}],"version-history":[{"count":2,"href":"https:\/\/vivreacoustaussa.com\/index.php\/wp-json\/wp\/v2\/pages\/232\/revisions"}],"predecessor-version":[{"id":236,"href":"https:\/\/vivreacoustaussa.com\/index.php\/wp-json\/wp\/v2\/pages\/232\/revisions\/236"}],"wp:attachment":[{"href":"https:\/\/vivreacoustaussa.com\/index.php\/wp-json\/wp\/v2\/media?parent=232"}],"curies":[{"name":"wp","href":"https:\/\/api.w.org\/{rel}","templated":true}]}}