{"id":266,"date":"2025-10-20T07:18:52","date_gmt":"2025-10-20T07:18:52","guid":{"rendered":"https:\/\/vivreacoustaussa.com\/?page_id=266"},"modified":"2025-11-04T09:23:36","modified_gmt":"2025-11-04T09:23:36","slug":"cycle-initiation-poterie","status":"publish","type":"page","link":"https:\/\/vivreacoustaussa.com\/index.php\/cycle-initiation-poterie\/","title":{"rendered":"Atelier Modelage &amp; Poterie \u2013 Automne 2025"},"content":{"rendered":"<div id=\"metaslider-id-285\" style=\"max-width: 150px; margin: 0 auto;\" class=\"ml-slider-3-100-1 metaslider metaslider-flex metaslider-285 ml-slider ms-theme-default-base has-dots-nav\" role=\"region\" aria-label=\"Nouveau diaporama\" data-height=\"300\" data-width=\"150\">\n    <div id=\"metaslider_container_285\">\n        <div id=\"metaslider_285\">\n            <ul aria-live='off' class='slides'>\n                <li style=\"display: block; width: 100%;\" class=\"slide-287 ms-image \" aria-roledescription=\"slide\" data-date=\"2025-11-04 09:05:03\"><img loading=\"lazy\" decoding=\"async\" src=\"https:\/\/vivreacoustaussa.com\/wp-content\/uploads\/2025\/11\/WhatsApp-Image-2025-11-03-at-19.18.37-150x300.jpeg\" height=\"300\" width=\"150\" alt=\"\" class=\"slider-285 slide-287 msDefaultImage\" title=\"WhatsApp Image 2025-11-03 at 19.18.37\" \/><\/li>\n                <li style=\"display: none; width: 100%;\" class=\"slide-289 ms-image \" aria-roledescription=\"slide\" data-date=\"2025-11-04 09:05:16\"><img loading=\"lazy\" decoding=\"async\" src=\"https:\/\/vivreacoustaussa.com\/wp-content\/uploads\/2025\/11\/WhatsApp-Image-2025-11-03-at-19.19.03-150x300.jpeg\" height=\"300\" width=\"150\" alt=\"\" class=\"slider-285 slide-289 msDefaultImage\" title=\"WhatsApp Image 2025-11-03 at 19.19.03\" \/><\/li>\n                <li style=\"display: none; width: 100%;\" class=\"slide-291 ms-image \" aria-roledescription=\"slide\" data-date=\"2025-11-04 09:05:40\"><img loading=\"lazy\" decoding=\"async\" src=\"https:\/\/vivreacoustaussa.com\/wp-content\/uploads\/2025\/11\/WhatsApp-Image-2025-11-03-at-19.19.24-150x300.jpeg\" height=\"300\" width=\"150\" alt=\"\" class=\"slider-285 slide-291 msDefaultImage\" title=\"WhatsApp Image 2025-11-03 at 19.19.24\" \/><\/li>\n                <li style=\"display: none; width: 100%;\" class=\"slide-293 ms-image \" aria-roledescription=\"slide\" data-date=\"2025-11-04 09:05:54\"><img loading=\"lazy\" decoding=\"async\" src=\"https:\/\/vivreacoustaussa.com\/wp-content\/uploads\/2025\/11\/WhatsApp-Image-2025-11-03-at-19.20.26-150x300.jpeg\" height=\"300\" width=\"150\" alt=\"\" class=\"slider-285 slide-293 msDefaultImage\" title=\"WhatsApp Image 2025-11-03 at 19.20.26\" \/><\/li>\n                <li style=\"display: none; width: 100%;\" class=\"slide-295 ms-image \" aria-roledescription=\"slide\" data-date=\"2025-11-04 09:06:03\"><img loading=\"lazy\" decoding=\"async\" src=\"https:\/\/vivreacoustaussa.com\/wp-content\/uploads\/2025\/11\/WhatsApp-Image-2025-11-03-at-19.21.02-150x300.jpeg\" height=\"300\" width=\"150\" alt=\"\" class=\"slider-285 slide-295 msDefaultImage\" title=\"WhatsApp Image 2025-11-03 at 19.21.02\" \/><\/li>\n                <li style=\"display: none; width: 100%;\" class=\"slide-297 ms-image \" aria-roledescription=\"slide\" data-date=\"2025-11-04 09:06:16\"><img loading=\"lazy\" decoding=\"async\" src=\"https:\/\/vivreacoustaussa.com\/wp-content\/uploads\/2025\/11\/WhatsApp-Image-2025-11-03-at-19.21.38-150x300.jpeg\" height=\"300\" width=\"150\" alt=\"\" class=\"slider-285 slide-297 msDefaultImage\" title=\"WhatsApp Image 2025-11-03 at 19.21.38\" \/><\/li>\n            <\/ul>\n        <\/div>\n        \n    <\/div>\n<\/div>\n\n\n\n<div class=\"wp-block-columns is-layout-flex wp-container-core-columns-is-layout-28f84493 wp-block-columns-is-layout-flex\">\n<div class=\"wp-block-column is-layout-flow wp-block-column-is-layout-flow\" style=\"flex-basis:33.33%\">\n<figure class=\"wp-block-image size-full\"><img loading=\"lazy\" decoding=\"async\" width=\"442\" height=\"625\" src=\"http:\/\/vivreacoustaussa.com\/wp-content\/uploads\/2025\/10\/VAC-POTERIE-1-2025.jpg\" alt=\"\" class=\"wp-image-245\" srcset=\"https:\/\/vivreacoustaussa.com\/wp-content\/uploads\/2025\/10\/VAC-POTERIE-1-2025.jpg 442w, https:\/\/vivreacoustaussa.com\/wp-content\/uploads\/2025\/10\/VAC-POTERIE-1-2025-212x300.jpg 212w\" sizes=\"auto, (max-width: 442px) 100vw, 442px\" \/><\/figure>\n<\/div>\n\n\n\n<div class=\"wp-block-column is-layout-flow wp-block-column-is-layout-flow\" style=\"flex-basis:66.66%\">\n<h3 class=\"wp-block-heading has-text-align-center\"><strong>Atelier Modelage &amp; Poterie <\/strong><\/h3>\n\n\n\n<p class=\"has-text-align-center\">Cet automne, quatre samedis apr\u00e8s-midi ont \u00e9t\u00e9 d\u00e9di\u00e9s au modelage et \u00e0 la poterie \u00e0 Coustaussa. Au fil des s\u00e9ances, l\u2019atelier a accueilli un bel engouement, r\u00e9unissant jusqu\u2019\u00e0 douze participant\u00b7es lors de la troisi\u00e8me rencontre.<\/p>\n\n\n\n<p class=\"has-text-align-center\">Chacun a pu exp\u00e9rimenter la mati\u00e8re, explorer sa cr\u00e9ativit\u00e9 et partager un moment chaleureux. La convivialit\u00e9, l\u2019entraide et la bonne humeur ont donn\u00e9 \u00e0 cet atelier une \u00e9nergie toute particuli\u00e8re, faisant de chaque s\u00e9ance un v\u00e9ritable moment de rencontre et de d\u00e9couverte.<\/p>\n\n\n\n<p class=\"has-text-align-center\">Au vu de l\u2019enthousiasme et du plaisir exprim\u00e9s, cette exp\u00e9rience sera certainement renouvel\u00e9e.<\/p>\n<\/div>\n<\/div>\n","protected":false},"excerpt":{"rendered":"<p>Atelier Modelage &amp; Poterie Cet automne, quatre samedis apr\u00e8s-midi ont \u00e9t\u00e9 d\u00e9di\u00e9s au modelage et \u00e0 la poterie \u00e0 Coustaussa. Au fil des s\u00e9ances, l\u2019atelier a accueilli un bel engouement, r\u00e9unissant jusqu\u2019\u00e0 douze participant\u00b7es lors de la troisi\u00e8me rencontre. Chacun a pu exp\u00e9rimenter la mati\u00e8re, explorer sa cr\u00e9ativit\u00e9 et partager [&hellip;]<\/p>\n","protected":false},"author":1,"featured_media":0,"parent":0,"menu_order":0,"comment_status":"closed","ping_status":"closed","template":"","meta":{"footnotes":""},"class_list":["post-266","page","type-page","status-publish","hentry"],"_links":{"self":[{"href":"https:\/\/vivreacoustaussa.com\/index.php\/wp-json\/wp\/v2\/pages\/266","targetHints":{"allow":["GET"]}}],"collection":[{"href":"https:\/\/vivreacoustaussa.com\/index.php\/wp-json\/wp\/v2\/pages"}],"about":[{"href":"https:\/\/vivreacoustaussa.com\/index.php\/wp-json\/wp\/v2\/types\/page"}],"author":[{"embeddable":true,"href":"https:\/\/vivreacoustaussa.com\/index.php\/wp-json\/wp\/v2\/users\/1"}],"replies":[{"embeddable":true,"href":"https:\/\/vivreacoustaussa.com\/index.php\/wp-json\/wp\/v2\/comments?post=266"}],"version-history":[{"count":4,"href":"https:\/\/vivreacoustaussa.com\/index.php\/wp-json\/wp\/v2\/pages\/266\/revisions"}],"predecessor-version":[{"id":303,"href":"https:\/\/vivreacoustaussa.com\/index.php\/wp-json\/wp\/v2\/pages\/266\/revisions\/303"}],"wp:attachment":[{"href":"https:\/\/vivreacoustaussa.com\/index.php\/wp-json\/wp\/v2\/media?parent=266"}],"curies":[{"name":"wp","href":"https:\/\/api.w.org\/{rel}","templated":true}]}}