{"id":273,"date":"2025-10-20T16:00:45","date_gmt":"2025-10-20T16:00:45","guid":{"rendered":"https:\/\/vivreacoustaussa.com\/?page_id=273"},"modified":"2025-10-20T16:00:46","modified_gmt":"2025-10-20T16:00:46","slug":"joailla-mineraux-guerisseurs","status":"publish","type":"page","link":"https:\/\/vivreacoustaussa.com\/index.php\/joailla-mineraux-guerisseurs\/","title":{"rendered":"JOAILLA Min\u00e9raux Gu\u00e9risseurs"},"content":{"rendered":"\n<div class=\"wp-block-columns is-layout-flex wp-container-core-columns-is-layout-28f84493 wp-block-columns-is-layout-flex\">\n<div class=\"wp-block-column is-layout-flow wp-block-column-is-layout-flow\" style=\"flex-basis:33.33%\">\n<figure class=\"wp-block-image size-full\"><img loading=\"lazy\" decoding=\"async\" width=\"794\" height=\"794\" src=\"http:\/\/vivreacoustaussa.com\/wp-content\/uploads\/2025\/10\/il_794xN.7252589931_sr8q.jpg\" alt=\"\" class=\"wp-image-274\" srcset=\"https:\/\/vivreacoustaussa.com\/wp-content\/uploads\/2025\/10\/il_794xN.7252589931_sr8q.jpg 794w, https:\/\/vivreacoustaussa.com\/wp-content\/uploads\/2025\/10\/il_794xN.7252589931_sr8q-300x300.jpg 300w, https:\/\/vivreacoustaussa.com\/wp-content\/uploads\/2025\/10\/il_794xN.7252589931_sr8q-150x150.jpg 150w, https:\/\/vivreacoustaussa.com\/wp-content\/uploads\/2025\/10\/il_794xN.7252589931_sr8q-768x768.jpg 768w\" sizes=\"auto, (max-width: 794px) 100vw, 794px\" \/><\/figure>\n<\/div>\n\n\n\n<div class=\"wp-block-column is-layout-flow wp-block-column-is-layout-flow\" style=\"flex-basis:66.66%\">\n<h3 class=\"wp-block-heading\"><strong>Bienvenue dans l\u2019univers min\u00e9ral de Josiane<\/strong><\/h3>\n\n\n\n<p>Sur le haut de Coustaussa pr\u00e8s de l&rsquo;ancien cimeti\u00e8re, Josiane vous invite \u00e0 d\u00e9couvrir sa passion pour les <strong>pierres et min\u00e9raux gu\u00e9risseurs<\/strong>. Chaque cr\u00e9ation est r\u00e9alis\u00e9e avec soin et intuition : <strong>agates, labradorites, quartz<\/strong>&#8230;.<\/p>\n\n\n\n<p><a href=\"https:\/\/www.etsy.com\/fr\/shop\/Joailla\">Pour visiter la boutique, cliquez ici !<\/a><\/p>\n<\/div>\n<\/div>\n\n\n\n<p><\/p>\n","protected":false},"excerpt":{"rendered":"<p>Bienvenue dans l\u2019univers min\u00e9ral de Josiane Sur le haut de Coustaussa pr\u00e8s de l&rsquo;ancien cimeti\u00e8re, Josiane vous invite \u00e0 d\u00e9couvrir sa passion pour les pierres et min\u00e9raux gu\u00e9risseurs. Chaque cr\u00e9ation est r\u00e9alis\u00e9e avec soin et intuition : agates, labradorites, quartz&#8230;. Pour visiter la boutique, cliquez ici !<\/p>\n","protected":false},"author":1,"featured_media":0,"parent":0,"menu_order":0,"comment_status":"closed","ping_status":"closed","template":"","meta":{"footnotes":""},"class_list":["post-273","page","type-page","status-publish","hentry"],"_links":{"self":[{"href":"https:\/\/vivreacoustaussa.com\/index.php\/wp-json\/wp\/v2\/pages\/273","targetHints":{"allow":["GET"]}}],"collection":[{"href":"https:\/\/vivreacoustaussa.com\/index.php\/wp-json\/wp\/v2\/pages"}],"about":[{"href":"https:\/\/vivreacoustaussa.com\/index.php\/wp-json\/wp\/v2\/types\/page"}],"author":[{"embeddable":true,"href":"https:\/\/vivreacoustaussa.com\/index.php\/wp-json\/wp\/v2\/users\/1"}],"replies":[{"embeddable":true,"href":"https:\/\/vivreacoustaussa.com\/index.php\/wp-json\/wp\/v2\/comments?post=273"}],"version-history":[{"count":1,"href":"https:\/\/vivreacoustaussa.com\/index.php\/wp-json\/wp\/v2\/pages\/273\/revisions"}],"predecessor-version":[{"id":275,"href":"https:\/\/vivreacoustaussa.com\/index.php\/wp-json\/wp\/v2\/pages\/273\/revisions\/275"}],"wp:attachment":[{"href":"https:\/\/vivreacoustaussa.com\/index.php\/wp-json\/wp\/v2\/media?parent=273"}],"curies":[{"name":"wp","href":"https:\/\/api.w.org\/{rel}","templated":true}]}}