{"id":299,"date":"2025-11-04T09:35:08","date_gmt":"2025-11-04T09:35:08","guid":{"rendered":"https:\/\/vivreacoustaussa.com\/?page_id=299"},"modified":"2025-11-04T09:35:09","modified_gmt":"2025-11-04T09:35:09","slug":"ateliers","status":"publish","type":"page","link":"https:\/\/vivreacoustaussa.com\/index.php\/ateliers\/","title":{"rendered":"ATELIERS"},"content":{"rendered":"\n<div class=\"wp-block-columns is-layout-flex wp-container-core-columns-is-layout-28f84493 wp-block-columns-is-layout-flex\">\n<div class=\"wp-block-column is-layout-flow wp-block-column-is-layout-flow\" style=\"flex-basis:33.33%\">\n<figure class=\"wp-block-image size-large\"><img loading=\"lazy\" decoding=\"async\" width=\"768\" height=\"1024\" src=\"http:\/\/vivreacoustaussa.com\/wp-content\/uploads\/2025\/11\/WhatsApp-Image-2025-11-03-at-19.19.24-768x1024.jpeg\" alt=\"\" class=\"wp-image-290\" srcset=\"https:\/\/vivreacoustaussa.com\/wp-content\/uploads\/2025\/11\/WhatsApp-Image-2025-11-03-at-19.19.24-768x1024.jpeg 768w, https:\/\/vivreacoustaussa.com\/wp-content\/uploads\/2025\/11\/WhatsApp-Image-2025-11-03-at-19.19.24-225x300.jpeg 225w, https:\/\/vivreacoustaussa.com\/wp-content\/uploads\/2025\/11\/WhatsApp-Image-2025-11-03-at-19.19.24-1152x1536.jpeg 1152w, https:\/\/vivreacoustaussa.com\/wp-content\/uploads\/2025\/11\/WhatsApp-Image-2025-11-03-at-19.19.24.jpeg 1200w\" sizes=\"auto, (max-width: 768px) 100vw, 768px\" \/><\/figure>\n<\/div>\n\n\n\n<div class=\"wp-block-column is-layout-flow wp-block-column-is-layout-flow\" style=\"flex-basis:66.66%\">\n<p><strong>Ateliers artistiques \u00e0 Coustaussa<\/strong><\/p>\n\n\n\n<h3 class=\"wp-block-heading\">C<em>r\u00e9er, partager, faire vivre le village<\/em><\/h3>\n\n\n\n<p>Au c\u0153ur du village de Coustaussa, l\u2019association <strong>Vivre \u00e0 Coustaussa<\/strong> propose diff\u00e9rents ateliers artistiques ouverts \u00e0 toutes et \u00e0 tous : poterie et modelage, \u00e9criture, et bient\u00f4t d\u2019autres pratiques en devenir.<br>Ces rencontres sont l\u2019occasion de d\u00e9couvrir des savoir-faire, d\u2019exprimer sa cr\u00e9ativit\u00e9, et de partager des moments simples mais pr\u00e9cieux.<\/p>\n\n\n\n<p>Dans un village, les arts jouent un r\u00f4le essentiel. Ils r\u00e9unissent des personnes qui ne se connaissent pas encore, cr\u00e9ent du lien entre g\u00e9n\u00e9rations, font \u00e9merger des talents et nourrissent la curiosit\u00e9. Qu\u2019on y vienne seul, en famille, ou entre amis, chacun trouve sa place.<br>Ces temps d\u2019\u00e9change permettent de tisser des relations authentiques, de s\u2019encourager mutuellement et de contribuer \u00e0 une dynamique locale vivante.<\/p>\n\n\n\n<p>Chaque atelier est une invitation \u00e0 explorer, \u00e0 apprendre et \u00e0 se laisser surprendre.<br>Que l\u2019on d\u00e9couvre une nouvelle pratique ou que l\u2019on perfectionne la sienne, on repart enrichi \u2014 d\u2019une cr\u00e9ation, d\u2019une rencontre, ou simplement d\u2019un bon moment partag\u00e9.<\/p>\n\n\n\n<p><strong>Vous souhaitez proposer un atelier ? Une id\u00e9e, une envie, un savoir-faire \u00e0 transmettre ?<br>Contactez-nous !<\/strong><\/p>\n\n\n\n<p><strong>Et si vous \u00eates simplement curieux, rejoignez-nous lors d\u2019une prochaine s\u00e9ance.<br>Venez vous ouvrir \u00e0 de nouvelles exp\u00e9riences et participer \u00e0 la vie du village.<\/strong><\/p>\n<\/div>\n<\/div>\n","protected":false},"excerpt":{"rendered":"<p>Ateliers artistiques \u00e0 Coustaussa Cr\u00e9er, partager, faire vivre le village Au c\u0153ur du village de Coustaussa, l\u2019association Vivre \u00e0 Coustaussa propose diff\u00e9rents ateliers artistiques ouverts \u00e0 toutes et \u00e0 tous : poterie et modelage, \u00e9criture, et bient\u00f4t d\u2019autres pratiques en devenir.Ces rencontres sont l\u2019occasion de d\u00e9couvrir des savoir-faire, d\u2019exprimer sa [&hellip;]<\/p>\n","protected":false},"author":1,"featured_media":0,"parent":0,"menu_order":0,"comment_status":"closed","ping_status":"closed","template":"","meta":{"footnotes":""},"class_list":["post-299","page","type-page","status-publish","hentry"],"_links":{"self":[{"href":"https:\/\/vivreacoustaussa.com\/index.php\/wp-json\/wp\/v2\/pages\/299","targetHints":{"allow":["GET"]}}],"collection":[{"href":"https:\/\/vivreacoustaussa.com\/index.php\/wp-json\/wp\/v2\/pages"}],"about":[{"href":"https:\/\/vivreacoustaussa.com\/index.php\/wp-json\/wp\/v2\/types\/page"}],"author":[{"embeddable":true,"href":"https:\/\/vivreacoustaussa.com\/index.php\/wp-json\/wp\/v2\/users\/1"}],"replies":[{"embeddable":true,"href":"https:\/\/vivreacoustaussa.com\/index.php\/wp-json\/wp\/v2\/comments?post=299"}],"version-history":[{"count":1,"href":"https:\/\/vivreacoustaussa.com\/index.php\/wp-json\/wp\/v2\/pages\/299\/revisions"}],"predecessor-version":[{"id":304,"href":"https:\/\/vivreacoustaussa.com\/index.php\/wp-json\/wp\/v2\/pages\/299\/revisions\/304"}],"wp:attachment":[{"href":"https:\/\/vivreacoustaussa.com\/index.php\/wp-json\/wp\/v2\/media?parent=299"}],"curies":[{"name":"wp","href":"https:\/\/api.w.org\/{rel}","templated":true}]}}