{"id":42,"date":"2025-08-03T19:19:18","date_gmt":"2025-08-03T19:19:18","guid":{"rendered":"http:\/\/vivreacoustaussa.com\/?page_id=42"},"modified":"2025-08-19T16:49:23","modified_gmt":"2025-08-19T16:49:23","slug":"analyses-deau","status":"publish","type":"page","link":"https:\/\/vivreacoustaussa.com\/index.php\/analyses-deau\/","title":{"rendered":"ANALYSES D&rsquo;EAU"},"content":{"rendered":"<h3 data-start=\"133\" data-end=\"177\">\ud83d\udca7 Analyse de l\u2019eau potable \u00e0 Coustaussa<\/h3>\n<p data-start=\"179\" data-end=\"391\">L\u2019eau du robinet est un bien commun pr\u00e9cieux, essentiel \u00e0 notre sant\u00e9 et \u00e0 notre quotidien. \u00c0 Coustaussa, comme dans de nombreuses communes rurales, la qualit\u00e9 de l\u2019eau fait l\u2019objet de pr\u00e9occupations croissantes.<\/p>\n<p data-start=\"393\" data-end=\"555\">Cette page a pour vocation de <strong data-start=\"423\" data-end=\"462\">vous informer en toute transparence<\/strong> sur l\u2019\u00e9tat de l\u2019eau distribu\u00e9e dans le village. Vous y trouverez, chaque fois que possible :<\/p>\n<ul data-start=\"557\" data-end=\"827\">\n<li data-start=\"557\" data-end=\"639\">\n<p data-start=\"559\" data-end=\"639\">Les <strong data-start=\"563\" data-end=\"599\">r\u00e9sultats d\u2019analyses officielles<\/strong> r\u00e9alis\u00e9es par les autorit\u00e9s sanitaires,<\/p>\n<\/li>\n<li data-start=\"640\" data-end=\"741\">\n<p data-start=\"642\" data-end=\"741\">Des informations claires sur les <strong data-start=\"675\" data-end=\"700\">param\u00e8tres surveill\u00e9s<\/strong> (nitrates, pesticides, bact\u00e9ries, etc.),<\/p>\n<\/li>\n<\/ul>\n<p data-start=\"829\" data-end=\"1045\">Notre souhait est que chacun\u00b7e puisse acc\u00e9der \u00e0 une <strong data-start=\"881\" data-end=\"914\">information fiable et lisible<\/strong>, pour mieux comprendre la situation, poser des questions, et participer \u00e0 une gestion plus collective et responsable de notre eau.<\/p>\n<p data-start=\"1047\" data-end=\"1121\">\u27a1\ufe0f N&rsquo;h\u00e9sitez pas \u00e0 consulter r\u00e9guli\u00e8rement cette page pour rester inform\u00e9.<\/p>\n<p data-start=\"1047\" data-end=\"1121\"><\/p>\n\n<style>.wp-block-kadence-advancedbtn.kb-btns42_4e47b2-58{gap:var(--global-kb-gap-xs, 0.5rem );justify-content:center;align-items:center;}.kt-btns42_4e47b2-58 .kt-button{font-weight:normal;font-style:normal;}.kt-btns42_4e47b2-58 .kt-btn-wrap-0{margin-right:5px;}.wp-block-kadence-advancedbtn.kt-btns42_4e47b2-58 .kt-btn-wrap-0 .kt-button{color:#555555;border-color:#555555;}.wp-block-kadence-advancedbtn.kt-btns42_4e47b2-58 .kt-btn-wrap-0 .kt-button:hover, .wp-block-kadence-advancedbtn.kt-btns42_4e47b2-58 .kt-btn-wrap-0 .kt-button:focus{color:#ffffff;border-color:#444444;}.wp-block-kadence-advancedbtn.kt-btns42_4e47b2-58 .kt-btn-wrap-0 .kt-button::before{display:none;}.wp-block-kadence-advancedbtn.kt-btns42_4e47b2-58 .kt-btn-wrap-0 .kt-button:hover, .wp-block-kadence-advancedbtn.kt-btns42_4e47b2-58 .kt-btn-wrap-0 .kt-button:focus{background:#444444;}<\/style>\n<div class=\"wp-block-kadence-advancedbtn kb-buttons-wrap kb-btns42_4e47b2-58\"><style>ul.menu .wp-block-kadence-advancedbtn .kb-btn42_861f9b-15.kb-button{width:initial;}<\/style><a class=\"kb-button kt-button button kb-btn42_861f9b-15 kt-btn-size-large kt-btn-width-type-auto kb-btn-global-fill kt-btn-has-text-true kt-btn-has-svg-false wp-block-kadence-singlebtn\" href=\"http:\/\/vivreacoustaussa.com\/wp-content\/uploads\/2025\/08\/ANALYSE-EAU-DETAILLEE.pdf\" download=\"\"><span class=\"kt-btn-inner-text\">T\u00e9l\u00e9chargement Analyse Eau 15 juillet 2025<\/span><\/a><\/div>\n\n\n\n<hr class=\"wp-block-separator has-alpha-channel-opacity\"\/>\n\n\n\n<hr class=\"wp-block-separator has-alpha-channel-opacity\"\/>\n\n\n<style>.wp-block-kadence-advancedbtn.kb-btns42_16c4d0-5c{gap:var(--global-kb-gap-xs, 0.5rem );justify-content:center;align-items:center;}.kt-btns42_16c4d0-5c .kt-button{font-weight:normal;font-style:normal;}.kt-btns42_16c4d0-5c .kt-btn-wrap-0{margin-right:5px;}.wp-block-kadence-advancedbtn.kt-btns42_16c4d0-5c .kt-btn-wrap-0 .kt-button{color:#555555;border-color:#555555;}.wp-block-kadence-advancedbtn.kt-btns42_16c4d0-5c .kt-btn-wrap-0 .kt-button:hover, .wp-block-kadence-advancedbtn.kt-btns42_16c4d0-5c .kt-btn-wrap-0 .kt-button:focus{color:#ffffff;border-color:#444444;}.wp-block-kadence-advancedbtn.kt-btns42_16c4d0-5c .kt-btn-wrap-0 .kt-button::before{display:none;}.wp-block-kadence-advancedbtn.kt-btns42_16c4d0-5c .kt-btn-wrap-0 .kt-button:hover, .wp-block-kadence-advancedbtn.kt-btns42_16c4d0-5c .kt-btn-wrap-0 .kt-button:focus{background:#444444;}<\/style>\n<div class=\"wp-block-kadence-advancedbtn kb-buttons-wrap kb-btns42_16c4d0-5c\"><style>ul.menu .wp-block-kadence-advancedbtn .kb-btn42_033d45-9d.kb-button{width:initial;}<\/style><a class=\"kb-button kt-button button kb-btn42_033d45-9d kt-btn-size-large kt-btn-width-type-auto kb-btn-global-fill kt-btn-has-text-true kt-btn-has-svg-false wp-block-kadence-singlebtn\" href=\"http:\/\/vivreacoustaussa.com\/wp-content\/uploads\/2025\/08\/analyse-180825.pdf\"><span class=\"kt-btn-inner-text\">T\u00e9l\u00e9chargement Analyse Eau 15 ao\u00fbt 2025<\/span><\/a><\/div>\n\n\n\n<hr class=\"wp-block-separator has-alpha-channel-opacity\"\/>\n\n\n\n<hr class=\"wp-block-separator has-alpha-channel-opacity\"\/>\n\n\n<style>.wp-block-kadence-advancedbtn.kb-btns42_25bf20-ff{gap:var(--global-kb-gap-xs, 0.5rem );justify-content:center;align-items:center;}.kt-btns42_25bf20-ff .kt-button{font-weight:normal;font-style:normal;}.kt-btns42_25bf20-ff .kt-btn-wrap-0{margin-right:5px;}.wp-block-kadence-advancedbtn.kt-btns42_25bf20-ff .kt-btn-wrap-0 .kt-button{color:#555555;border-color:#555555;}.wp-block-kadence-advancedbtn.kt-btns42_25bf20-ff .kt-btn-wrap-0 .kt-button:hover, .wp-block-kadence-advancedbtn.kt-btns42_25bf20-ff .kt-btn-wrap-0 .kt-button:focus{color:#ffffff;border-color:#444444;}.wp-block-kadence-advancedbtn.kt-btns42_25bf20-ff .kt-btn-wrap-0 .kt-button::before{display:none;}.wp-block-kadence-advancedbtn.kt-btns42_25bf20-ff .kt-btn-wrap-0 .kt-button:hover, .wp-block-kadence-advancedbtn.kt-btns42_25bf20-ff .kt-btn-wrap-0 .kt-button:focus{background:#444444;}<\/style>\n<div class=\"wp-block-kadence-advancedbtn kb-buttons-wrap kb-btns42_25bf20-ff\"><style>ul.menu .wp-block-kadence-advancedbtn .kb-btn42_77d1ce-83.kb-button{width:initial;}<\/style><a class=\"kb-button kt-button button kb-btn42_77d1ce-83 kt-btn-size-large kt-btn-width-type-auto kb-btn-global-fill kt-btn-has-text-true kt-btn-has-svg-false wp-block-kadence-singlebtn\" href=\"http:\/\/vivreacoustaussa.com\/wp-content\/uploads\/2025\/08\/Historique.pdf\"><span class=\"kt-btn-inner-text\">T\u00e9l\u00e9chargement Historique Taux de Chlore et Turbidit\u00e9<\/span><\/a><\/div>\n\n\n\n<p><\/p>\n","protected":false},"excerpt":{"rendered":"<p>\ud83d\udca7 Analyse de l\u2019eau potable \u00e0 Coustaussa L\u2019eau du robinet est un bien commun pr\u00e9cieux, essentiel \u00e0 notre sant\u00e9 et \u00e0 notre quotidien. \u00c0 Coustaussa, comme dans de nombreuses communes rurales, la qualit\u00e9 de l\u2019eau fait l\u2019objet de pr\u00e9occupations croissantes. Cette page a pour vocation de vous informer en toute [&hellip;]<\/p>\n","protected":false},"author":1,"featured_media":0,"parent":0,"menu_order":0,"comment_status":"closed","ping_status":"closed","template":"","meta":{"footnotes":""},"class_list":["post-42","page","type-page","status-publish","hentry"],"_links":{"self":[{"href":"https:\/\/vivreacoustaussa.com\/index.php\/wp-json\/wp\/v2\/pages\/42","targetHints":{"allow":["GET"]}}],"collection":[{"href":"https:\/\/vivreacoustaussa.com\/index.php\/wp-json\/wp\/v2\/pages"}],"about":[{"href":"https:\/\/vivreacoustaussa.com\/index.php\/wp-json\/wp\/v2\/types\/page"}],"author":[{"embeddable":true,"href":"https:\/\/vivreacoustaussa.com\/index.php\/wp-json\/wp\/v2\/users\/1"}],"replies":[{"embeddable":true,"href":"https:\/\/vivreacoustaussa.com\/index.php\/wp-json\/wp\/v2\/comments?post=42"}],"version-history":[{"count":12,"href":"https:\/\/vivreacoustaussa.com\/index.php\/wp-json\/wp\/v2\/pages\/42\/revisions"}],"predecessor-version":[{"id":141,"href":"https:\/\/vivreacoustaussa.com\/index.php\/wp-json\/wp\/v2\/pages\/42\/revisions\/141"}],"wp:attachment":[{"href":"https:\/\/vivreacoustaussa.com\/index.php\/wp-json\/wp\/v2\/media?parent=42"}],"curies":[{"name":"wp","href":"https:\/\/api.w.org\/{rel}","templated":true}]}}