{"id":82,"date":"2025-08-08T12:55:08","date_gmt":"2025-08-08T12:55:08","guid":{"rendered":"https:\/\/vivreacoustaussa.com\/?page_id=82"},"modified":"2025-08-09T16:23:31","modified_gmt":"2025-08-09T16:23:31","slug":"information-generale-sur-leau-a-coustaussa","status":"publish","type":"page","link":"https:\/\/vivreacoustaussa.com\/index.php\/information-generale-sur-leau-a-coustaussa\/","title":{"rendered":"INFORMATION G\u00c9N\u00c9RALE SUR LE FORAGE"},"content":{"rendered":"\n<div class=\"wp-block-columns is-layout-flex wp-container-core-columns-is-layout-28f84493 wp-block-columns-is-layout-flex\">\n<div class=\"wp-block-column is-layout-flow wp-block-column-is-layout-flow\" style=\"flex-basis:33.33%\"><\/div>\n\n\n\n<div class=\"wp-block-column is-vertically-aligned-stretch is-layout-flow wp-block-column-is-layout-flow\" style=\"flex-basis:66.66%\">\n<p><\/p>\n<\/div>\n<\/div>\n\n\n\n<p class=\"has-text-align-center\"><strong>Informations sur le Syst\u00e8me d&rsquo;Eau Potable : Qualit\u00e9 et Protection<\/strong><\/p>\n\n\n\n<p class=\"has-text-align-center\">L&rsquo;acc\u00e8s \u00e0 une eau potable de qualit\u00e9 est essentiel pour la sant\u00e9 publique et le bien-\u00eatre de chaque communaut\u00e9. Cependant, des d\u00e9fis r\u00e9currents li\u00e9s \u00e0 la qualit\u00e9 de l&rsquo;eau et \u00e0 la gestion des ressources hydriques sont \u00e0 prendre en compte. <\/p>\n\n\n\n<p class=\"has-text-align-center\"><strong>Informations utiles et descriptives<\/strong><br>Cette section met \u00e0 votre disposition des informations compl\u00e8tes sur l&rsquo;\u00e9tat actuel du syst\u00e8me d&rsquo;eau potable du village. Vous y trouverez des \u00e9l\u00e9ments de contexte qui vous permettront de mieux appr\u00e9hender les d\u00e9fis existants.<\/p>\n\n\n\n<p class=\"has-text-align-center\"><strong>R\u00e9flexion approfondie sur la qualit\u00e9 de l&rsquo;eau<\/strong><br>Il est essentiel de comprendre les causes profondes des d\u00e9faillances r\u00e9guli\u00e8res concernant la qualit\u00e9 de l&rsquo;eau potable. Ces probl\u00e9matiques, souvent li\u00e9es \u00e0 la pollution, aux infrastructures vieillissantes n\u00e9cessitent une analyse d\u00e9taill\u00e9e pour identifier des solutions durables. Ce document vous offre une base pour entamer une r\u00e9flexion approfondie et pour poser les bases de strat\u00e9gies efficaces de rem\u00e9diation.<\/p>\n\n\n\n<p class=\"has-text-align-center\"><strong>Protection de la nappe phr\u00e9atique<\/strong><br>La nappe phr\u00e9atique, source principale de l&rsquo;eau potable dans de nombreuses r\u00e9gions, doit \u00eatre prot\u00e9g\u00e9e contre les risques de pollution et de surexploitation. Des mesures de pr\u00e9servation strictes sont n\u00e9cessaires pour garantir la qualit\u00e9 de cette ressource essentielle. D\u00e9couvrez ici les principales dispositions l\u00e9gales et techniques mises en place pour prot\u00e9ger cette nappe vitale pour l&rsquo;approvisionnement en eau potable.<\/p>\n\n\n\n<p class=\"has-text-align-center\"><strong>T\u00e9l\u00e9chargez les documents compl\u00e9mentaires<\/strong><br>Pour une compr\u00e9hension approfondie, nous vous invitons \u00e0 t\u00e9l\u00e9charger les documents ci-dessous. Ces ressources vous fourniront des informations essentielles pour mieux comprendre les enjeux li\u00e9s \u00e0 la gestion de l&rsquo;eau potable et \u00e0 la pr\u00e9servation de la nappe phr\u00e9atique.<\/p>\n\n\n\n<p class=\"has-text-align-center\"><\/p>\n\n\n\n<div class=\"wp-block-buttons is-content-justification-center is-layout-flex wp-container-core-buttons-is-layout-a89b3969 wp-block-buttons-is-layout-flex\">\n<div class=\"wp-block-button\"><a class=\"wp-block-button__link has-text-align-center wp-element-button\" href=\"http:\/\/vivreacoustaussa.com\/wp-content\/uploads\/2025\/08\/ap_arsdd11-ces62018-006_du_2_mai2018_coustaussa-2.pdf\">T\u00e9l\u00e9chargement informations forage Coustaussa<\/a><\/div>\n<\/div>\n\n\n\n<p class=\"has-text-align-center\">Voici ci-dessous quelques cartes tir\u00e9es du document ci-dessus \u00e0 t\u00e9l\u00e9charger.<\/p>\n\n\n\n<figure class=\"wp-block-image size-large\"><img loading=\"lazy\" decoding=\"async\" width=\"1024\" height=\"725\" src=\"https:\/\/vivreacoustaussa.com\/wp-content\/uploads\/2025\/08\/1-1024x725.jpg\" alt=\"\" class=\"wp-image-89\" srcset=\"https:\/\/vivreacoustaussa.com\/wp-content\/uploads\/2025\/08\/1-1024x725.jpg 1024w, https:\/\/vivreacoustaussa.com\/wp-content\/uploads\/2025\/08\/1-300x212.jpg 300w, https:\/\/vivreacoustaussa.com\/wp-content\/uploads\/2025\/08\/1-768x543.jpg 768w, https:\/\/vivreacoustaussa.com\/wp-content\/uploads\/2025\/08\/1-1536x1087.jpg 1536w, https:\/\/vivreacoustaussa.com\/wp-content\/uploads\/2025\/08\/1-2048x1449.jpg 2048w\" sizes=\"auto, (max-width: 1024px) 100vw, 1024px\" \/><\/figure>\n\n\n\n<figure class=\"wp-block-image size-large\"><img loading=\"lazy\" decoding=\"async\" width=\"1024\" height=\"725\" src=\"https:\/\/vivreacoustaussa.com\/wp-content\/uploads\/2025\/08\/ap_arsdd11-ces62018-006_du_2_mai2018_coustaussa-2-14_rotated_page-0001-1024x725.jpg\" alt=\"\" class=\"wp-image-90\" srcset=\"https:\/\/vivreacoustaussa.com\/wp-content\/uploads\/2025\/08\/ap_arsdd11-ces62018-006_du_2_mai2018_coustaussa-2-14_rotated_page-0001-1024x725.jpg 1024w, https:\/\/vivreacoustaussa.com\/wp-content\/uploads\/2025\/08\/ap_arsdd11-ces62018-006_du_2_mai2018_coustaussa-2-14_rotated_page-0001-300x212.jpg 300w, https:\/\/vivreacoustaussa.com\/wp-content\/uploads\/2025\/08\/ap_arsdd11-ces62018-006_du_2_mai2018_coustaussa-2-14_rotated_page-0001-768x543.jpg 768w, https:\/\/vivreacoustaussa.com\/wp-content\/uploads\/2025\/08\/ap_arsdd11-ces62018-006_du_2_mai2018_coustaussa-2-14_rotated_page-0001-1536x1087.jpg 1536w, https:\/\/vivreacoustaussa.com\/wp-content\/uploads\/2025\/08\/ap_arsdd11-ces62018-006_du_2_mai2018_coustaussa-2-14_rotated_page-0001-2048x1449.jpg 2048w\" sizes=\"auto, (max-width: 1024px) 100vw, 1024px\" \/><\/figure>\n","protected":false},"excerpt":{"rendered":"<p>Informations sur le Syst\u00e8me d&rsquo;Eau Potable : Qualit\u00e9 et Protection L&rsquo;acc\u00e8s \u00e0 une eau potable de qualit\u00e9 est essentiel pour la sant\u00e9 publique et le bien-\u00eatre de chaque communaut\u00e9. Cependant, des d\u00e9fis r\u00e9currents li\u00e9s \u00e0 la qualit\u00e9 de l&rsquo;eau et \u00e0 la gestion des ressources hydriques sont \u00e0 prendre en [&hellip;]<\/p>\n","protected":false},"author":1,"featured_media":0,"parent":0,"menu_order":0,"comment_status":"closed","ping_status":"closed","template":"","meta":{"footnotes":""},"class_list":["post-82","page","type-page","status-publish","hentry"],"_links":{"self":[{"href":"https:\/\/vivreacoustaussa.com\/index.php\/wp-json\/wp\/v2\/pages\/82","targetHints":{"allow":["GET"]}}],"collection":[{"href":"https:\/\/vivreacoustaussa.com\/index.php\/wp-json\/wp\/v2\/pages"}],"about":[{"href":"https:\/\/vivreacoustaussa.com\/index.php\/wp-json\/wp\/v2\/types\/page"}],"author":[{"embeddable":true,"href":"https:\/\/vivreacoustaussa.com\/index.php\/wp-json\/wp\/v2\/users\/1"}],"replies":[{"embeddable":true,"href":"https:\/\/vivreacoustaussa.com\/index.php\/wp-json\/wp\/v2\/comments?post=82"}],"version-history":[{"count":6,"href":"https:\/\/vivreacoustaussa.com\/index.php\/wp-json\/wp\/v2\/pages\/82\/revisions"}],"predecessor-version":[{"id":104,"href":"https:\/\/vivreacoustaussa.com\/index.php\/wp-json\/wp\/v2\/pages\/82\/revisions\/104"}],"wp:attachment":[{"href":"https:\/\/vivreacoustaussa.com\/index.php\/wp-json\/wp\/v2\/media?parent=82"}],"curies":[{"name":"wp","href":"https:\/\/api.w.org\/{rel}","templated":true}]}}